{"id":1086,"date":"2025-10-08T17:23:53","date_gmt":"2025-10-08T15:23:53","guid":{"rendered":"https:\/\/cognitivescience.umk.pl\/?page_id=1086"},"modified":"2025-10-08T17:34:41","modified_gmt":"2025-10-08T15:34:41","slug":"urszulazeglen","status":"publish","type":"page","link":"https:\/\/cognitivescience.umk.pl\/index.php\/academic-staff\/urszulazeglen\/","title":{"rendered":"Professor Urszula \u017begle\u0144"},"content":{"rendered":"\n<div class=\"employee-profile\">\n\n  <!-- Zdj\u0119cie po lewej -->\n  <div class=\"employee-photo\">\n\n    <img decoding=\"async\" src=\"https:\/\/cognitivescience.umk.pl\/wp-content\/uploads\/2025\/09\/urszula_zeglen-e1759936726491.jpg\" \n         alt=\"Professor Urszula \u017begle\u0144\"> \n\n  <\/div>\n\n  <!-- Tekst po prawej -->\n  <div class=\"employee-info\">\n\n    <h6>Professor Emerita<\/h6>\n\n    <h3>Research Areas<\/h3>\n    <p>Professor of Humanities specializing in the philosophy of mind. Her research focuses on the philosophy of knowledge and mind, as well as the philosophy and theory of science. She works primarily within the tradition of analytic philosophy and Roman Ingarden\u2019s phenomenology, seeking connections between these two perspectives. Her current interests also include the philosophical challenges arising from the rapid development of modern technologies\u2014particularly questions concerning values, human identity, and the place of humans in an increasingly technologized world. Through her work, she explores the specificity and uniqueness of the human cognitive system and the limits of human understanding.  \n\n<\/p>\n\n    <h3>Key Publications<\/h3>\n    <ol>\n      <li>\u017begle\u0144, U.M. (1990). <em>Modalno\u015b\u0107 w Logice i w Filozofii. Podstawy ontyczne.<\/em> [Modality in Logic and Philosophy. The Ontological Foundation] Zak\u0142ad Semiotyki Logicznej UW. Polskie Towarzystwo Semiotyczne. \n<\/li>\n      <li>\u017begle\u0144, U.M. (Ed.). (1999). <em>Donald Davidson. Truth, Meaning and Knowledge.<\/em> Routledge.<\/li>\n      <li>Conant, J. and \u017begle\u0144, U.M. (Eds.) (2002). <em>Hilary Putnam. Pragmatism and Realism.<\/em> Routledge. <\/li>\n    <\/ol>\n\n    <p>Full list of publications on: \n      <a href=\"https:\/\/orcid.org\/0000-0003-3855-3615\" target=\"_blank\" rel=\"noopener\">ORCID<\/a> \n          <\/p>\n\n    <h3>Projects and Grants<\/h3>\n    <ol>\n<li> Center for Cognitive Science at Rutgers University \u2013 grant from the Ministry of Science and Higher Education for the Polish-American Cooperation for the project  \u201cArgumentation as a Cognitive Process\u201d (realised together with prof. W\u0142odzis\u0142aw Duch and prof. Jacek Malinowski)      <\/li>\n      <li>Participant in the Project \u201eClassics of the Polish Christian Philosophy of the XXth and XXIst Century\u201d, founded in the grant of the National Program for Development of Humanities \u2013 National Heritage (2023-2028) <\/li>\n\n    <\/ol>\n\n    <h3>Academic Activities<\/h3>\n    <ol>\n      <li>Honory member of the Science of Science Committee of the Polish Academy of Sciences (elected for the term 2023-2026, twofold: 2007-2010 and 2011-2014  chairwoman of the Committee, and from 2015 until 2022 member of its Presidium) <\/li>\n      <li> Member of the Polish Society of Cognitive Science (co-founder and first President)<\/li>                   <li> Active member of the Scientific Society of the Catholic University of Lublin <\/li>\n      <li> Evaluator in the Evaluation of the Czech Academy of Sciences  in the Phase I. covering publications in philosophy from the period 2020-2024  (previously twofold full participation in the Evaluation of the Czech Academy of Sciences in the field of Humanities and Arts) <\/li>\n      <li> Membership of the Commitee for the title \u201edoctor scientarum\u201d (\u201cDoctor of sciences\u201d (which is equiivalent  to the title of Professor) in the field of Philosophy of the Czech Academy of Sciences<\/li>\n<li> Editor-in-chief of the quarterly \u201eZagadnienia Naukoznawstwa\u201d (The Science of Science \u2013 Quartely) <\/li>\n<li>Organizer of the conference \u201cResearch and Education in Interdisciplinary Dimension: The 10th Anniversary of Cognitive Science Studies at Nicolaus Copernicus University\u201d, May 29\u201331, 2019, Nicolaus Copernicus University, Toru\u0144, Poland<\/li>\n      <li>Organizer of the conference \u201cKnowledge Representation in Multi-Agent Systems 2018\u201d, September 7\u20138, 2018, Nicolaus Copernicus University, Toru\u0144, Poland<\/li>\n<li> Gold medal awarded in 2017 by the President of the Republik of Poland, Andrzej Duda for many years of service \n<\/li>\n\n    <\/ol>\n\n    <h3>Contact<\/h3>\n    <p>Email: zeglen[@]umk.pl\n <br>\n    Office: Room 210, Institute of Psychology Nicolaus Copernicus University, ul. Gagarina 39, 87-100 Toru\u0144, Poland<br>\n    \n  <\/div>\n<\/div>\n\n\n\n<p><\/p>\n","protected":false},"excerpt":{"rendered":"<p>Professor Emerita Research Areas Professor of Humanities specializing in the philosophy of mind. Her research focuses on the philosophy of knowledge and mind, as well as the philosophy and theory of science. She works primarily within the tradition of analytic philosophy and Roman Ingarden\u2019s phenomenology, seeking connections between these two [&hellip;]<\/p>\n","protected":false},"author":4,"featured_media":343,"parent":500,"menu_order":0,"comment_status":"closed","ping_status":"closed","template":"page-templates\/template-fullwidth.php","meta":{"footnotes":""},"class_list":["post-1086","page","type-page","status-publish","has-post-thumbnail","hentry"],"_links":{"self":[{"href":"https:\/\/cognitivescience.umk.pl\/index.php\/wp-json\/wp\/v2\/pages\/1086","targetHints":{"allow":["GET"]}}],"collection":[{"href":"https:\/\/cognitivescience.umk.pl\/index.php\/wp-json\/wp\/v2\/pages"}],"about":[{"href":"https:\/\/cognitivescience.umk.pl\/index.php\/wp-json\/wp\/v2\/types\/page"}],"author":[{"embeddable":true,"href":"https:\/\/cognitivescience.umk.pl\/index.php\/wp-json\/wp\/v2\/users\/4"}],"replies":[{"embeddable":true,"href":"https:\/\/cognitivescience.umk.pl\/index.php\/wp-json\/wp\/v2\/comments?post=1086"}],"version-history":[{"count":14,"href":"https:\/\/cognitivescience.umk.pl\/index.php\/wp-json\/wp\/v2\/pages\/1086\/revisions"}],"predecessor-version":[{"id":1109,"href":"https:\/\/cognitivescience.umk.pl\/index.php\/wp-json\/wp\/v2\/pages\/1086\/revisions\/1109"}],"up":[{"embeddable":true,"href":"https:\/\/cognitivescience.umk.pl\/index.php\/wp-json\/wp\/v2\/pages\/500"}],"wp:featuredmedia":[{"embeddable":true,"href":"https:\/\/cognitivescience.umk.pl\/index.php\/wp-json\/wp\/v2\/media\/343"}],"wp:attachment":[{"href":"https:\/\/cognitivescience.umk.pl\/index.php\/wp-json\/wp\/v2\/media?parent=1086"}],"curies":[{"name":"wp","href":"https:\/\/api.w.org\/{rel}","templated":true}]}}