{"id":868,"date":"2025-12-03T20:26:14","date_gmt":"2025-12-03T19:26:14","guid":{"rendered":"https:\/\/cognitivescience.umk.pl\/?page_id=868"},"modified":"2026-01-21T07:18:20","modified_gmt":"2026-01-21T06:18:20","slug":"annakarczmarczyk","status":"publish","type":"page","link":"https:\/\/cognitivescience.umk.pl\/index.php\/academic-staff\/annakarczmarczyk\/","title":{"rendered":"Anna Karczmarczyk, PhD"},"content":{"rendered":"\n<div class=\"employee-profile\">\n    <div class=\"employee-photo\">\n        <img decoding=\"async\" src=\"https:\/\/cognitivescience.umk.pl\/wp-content\/uploads\/2026\/01\/a_karczmarczyk.jpg\" alt=\"Photo of Anna Karczmarczyk\">\n    <\/div>\n\n    <div class=\"employee-info\">\n\n        <h6>Vice-director of the Institute of Information and Communication Research <br> Assistant Professor<\/h6>\n\n        <h3>Research Interests<\/h3>\n        <p>\n           My research focuses on interdisciplinary approaches to bodily self-awareness and its disturbances, early forms of social cognition, and attachment theory. I am particularly interested in integrating philosophical and psychological perspectives on the bodily self. My recent work addresses the role of interpersonal interactions in shaping affective bodily awareness. I also explore the developmental origins of emotions and interoception in relation to attachment. A central focus of my research is emotion regulation processes within the infant\u2013caregiver dyad. In addition, I investigate the links between attachment and affective theory of mind. Currently, I am especially engaged in analyzing the notion of attachment within the framework of classical and contemporary theories of emotion.\n        <\/p>\n\n      \n        <h3>Selected Publications<\/h3>\n        <ol>\n            <li><strong>Karczmarczyk, A.<\/strong> (2025). Embodied Beginnings: Touch as a Developmental Foundation of Self-Awareness. <i>AVANT<\/i> 16(2). <a href=\"https:\/\/doi.org\/10.26913\/ava22501\" target=\"_blank\" style=\"color: black; text-decoration: none;\" rel=\"noopener\">https:\/\/doi.org\/10.26913\/ava22501<\/a><\/li>\n            <li><strong>Karczmarczyk, A. <\/strong> (2024). <i>Bodily Self-Awareness from a Developmental Perspective<\/i>. Nicolaus Copernicus University Press. (Originally published in Polish as <i>Samo\u015bwiadomo\u015b\u0107 cielesna w perspektywie rozwojowej<\/i>.)<\/li>\n        <\/ol>\n\n        <p>Full list of publications on:\n            <a href=\"https:\/\/omega.umk.pl\/info\/author\/UMK26a4c17ec7b565acb143bbb5d2d4948c740738ae60209b0d616cacfcbfc57324?tab=main\" target=\"_blank\" rel=\"noopener\">Omega<\/a>\n        <\/p>\n\n        <h3>Projects and Grants<\/h3>\n        <ul>\n<li><strong>Member<\/strong> of the research group \u201cCulture, Childhood and Cognition: How Parental and Grandparental Beliefs Shape Child Development in the 21st Century\u201d IDUB NCU (present). <\/li>\n            <li><strong>Member<\/strong> of the INTERMINDS Lab, Faculty of Philosophy and Social Sciences, NCU (present).<\/li>\n            <li><strong>Member<\/strong> of the research group \u201cEmerging Research Field: Culture, Development, and Well-Being,\u201d IDUB NCU (2024\u20132026).<\/li>\n            <li><strong>Principal Investigator<\/strong> of the project <i>Reading &#038; Mind-reading<\/i> contest &#8222;Nauka dla Spo\u0142ecze\u0144stwa\u201d, Minister of Education and Science (2024).<\/li>\n            <li><strong>Scientific Supervisor<\/strong> of the Grants4NCUStudents project \u201cThe relation between interoceptive awareness and susceptibility to full-body illusion\u201d (2023-2024).<\/li>\n            <li><strong>Member<\/strong> of the research group \u201cEmerging Research Field: Perception, Cognition and Language,\u201d IDUB NCU (2021\u20132023).<\/li>\n        <\/ul>\n\n        <h3>Academic Activities<\/h3>\n        <ul>\n            <li><strong>Co-organizer<\/strong> of the conference <i>Perspectives on Child Development: Social Learning and Interaction<\/i> (UMK, Toru\u0144, 19\u201321 June 2025)<\/li>\n\n            <li><strong>Main organizer<\/strong> of the conference <i>Neuromania<\/i> (UMK, Toru\u0144, 13\u201314 September 2024)<\/li>\n\n            <li><strong>Co-organizer<\/strong> of the conference <i>Perspective Taking and Mental Rotation<\/i>\n                (UMK &#038; University of Hong Kong, Toru\u0144, 6\u20138 May 2024)\n            <\/li>\n\n            <li><strong>Co-organizer<\/strong> of <i>Brain Awareness Week (BAW)<\/i> (2023, 2024, 2025)<\/li>\n\n            <li><strong>Reviewer<\/strong> for academic journals:\n                <i>Roczniki Filozoficzne<\/i> and <i>Phenomenology and the Cognitive Sciences<\/i>.\n            <\/li>\n\n            <li><strong>Co-founder<\/strong> of the academic journal <i>AVANT<\/i>.<\/li>\n\n            <li><strong>Academic Supervisor<\/strong> of the Toru\u0144 Cognitive Science Student Association.<\/li>\n\n            <li><strong>Member<\/strong> of the Polish Cognitive Science Society.<\/li>\n        <\/ul>\n\n        <h3>Contact<\/h3>\n        <p>\n            <strong>Email:<\/strong> a.karczmarczyk[@]umk.pl<br>\n            <strong>Office:<\/strong> Room 214, Institute of Psychology\n            Nicolaus Copernicus University, ul. Gagarina 39, 87-100 Toru\u0144, Poland\n        <\/p>\n\n    <\/div>\n<\/div>\n\n\n\n<p><\/p>\n","protected":false},"excerpt":{"rendered":"<p>Vice-director of the Institute of Information and Communication Research Assistant Professor Research Interests My research focuses on interdisciplinary approaches to bodily self-awareness and its disturbances, early forms of social cognition, and attachment theory. I am particularly interested in integrating philosophical and psychological perspectives on the bodily self. My recent work [&hellip;]<\/p>\n","protected":false},"author":4,"featured_media":343,"parent":500,"menu_order":0,"comment_status":"closed","ping_status":"closed","template":"page-templates\/template-fullwidth.php","meta":{"footnotes":""},"class_list":["post-868","page","type-page","status-publish","has-post-thumbnail","hentry"],"_links":{"self":[{"href":"https:\/\/cognitivescience.umk.pl\/index.php\/wp-json\/wp\/v2\/pages\/868","targetHints":{"allow":["GET"]}}],"collection":[{"href":"https:\/\/cognitivescience.umk.pl\/index.php\/wp-json\/wp\/v2\/pages"}],"about":[{"href":"https:\/\/cognitivescience.umk.pl\/index.php\/wp-json\/wp\/v2\/types\/page"}],"author":[{"embeddable":true,"href":"https:\/\/cognitivescience.umk.pl\/index.php\/wp-json\/wp\/v2\/users\/4"}],"replies":[{"embeddable":true,"href":"https:\/\/cognitivescience.umk.pl\/index.php\/wp-json\/wp\/v2\/comments?post=868"}],"version-history":[{"count":31,"href":"https:\/\/cognitivescience.umk.pl\/index.php\/wp-json\/wp\/v2\/pages\/868\/revisions"}],"predecessor-version":[{"id":1909,"href":"https:\/\/cognitivescience.umk.pl\/index.php\/wp-json\/wp\/v2\/pages\/868\/revisions\/1909"}],"up":[{"embeddable":true,"href":"https:\/\/cognitivescience.umk.pl\/index.php\/wp-json\/wp\/v2\/pages\/500"}],"wp:featuredmedia":[{"embeddable":true,"href":"https:\/\/cognitivescience.umk.pl\/index.php\/wp-json\/wp\/v2\/media\/343"}],"wp:attachment":[{"href":"https:\/\/cognitivescience.umk.pl\/index.php\/wp-json\/wp\/v2\/media?parent=868"}],"curies":[{"name":"wp","href":"https:\/\/api.w.org\/{rel}","templated":true}]}}