{"id":878,"date":"2025-09-30T08:43:23","date_gmt":"2025-09-30T06:43:23","guid":{"rendered":"https:\/\/cognitivescience.umk.pl\/?page_id=878"},"modified":"2025-10-09T10:53:48","modified_gmt":"2025-10-09T08:53:48","slug":"danielzuromski","status":"publish","type":"page","link":"https:\/\/cognitivescience.umk.pl\/index.php\/academic-staff\/danielzuromski\/","title":{"rendered":"Daniel \u017buromski, PhD"},"content":{"rendered":"\n<div class=\"employee-profile\">\n\n  <!-- Zdj\u0119cie po lewej -->\n  <div class=\"employee-photo\">\n\n    <img decoding=\"async\" src=\"https:\/\/cognitivescience.umk.pl\/wp-content\/uploads\/2025\/10\/Daniel1-e1759921588958.jpg\" \n         alt=\"Daniel \u017buromski PhD\"> \n\n  <\/div>\n\n  <!-- Tekst po prawej -->\n  <div class=\"employee-info\">\n\n    <h6>Assistant Professor<\/h6>\n\n    <h3>Research Areas <\/h3>\n    <p>\nMy research focuses on philosophy of mind, cognitive science, and contemporary philosophy (especially neopragmatism). I investigate the nature and functioning of the human mind from a sociocultural perspective that emphasizes the constitutive role of cultural and social factors in shaping cognition. I am particularly interested in cognitive and neural diversity across cultures as a starting point for scientific inquiry in cognitive science. My work integrates sociocultural constructivism with mechanism-based and multi-level explanatory approaches to better understand how social practices and institutions shape cognition and brain architecture. <br>\n<br>\n<\/p>\n\n    <h3>Key Publications<\/h3>\n    <ol>\n      <li>\u017buromski, D., &#038; Pacholik-\u017buromska, A. (2024). Socio-cultural brain reprogramming: The uniqueness of human cognition. <em>Frontiers in Human Neuroscience.<\/em> https:\/\/doi.org\/10.3389\/fnhum.2024.XXXXX<\/li>\n      <li>\u017buromski, D. (2020). The therapeutic vs. constructive approach to the transformative character of collective intentionality: The interpersonal level of explanation. <em>Logic and Logical Philosophy<\/em>, 29(4), 615\u2013645. https:\/\/doi.org\/10.12775\/LLP.2020.024<\/li>\n      <li>\u017buromski, D., Fedyniuk, A., &#038; Marek, E. (2018). Can new technologies make us more human? An inquiry on VR technologies in social cognition. <em>Frontiers in Psychology<\/em>, 9, 705. https:\/\/doi.org\/10.3389\/fpsyg.2018.00705<\/li>\n    <\/ol>\n\n    <p>Full list of publications on: \n      <a href=\"https:\/\/torun-pl.academia.edu\/Daniel%C5%BBuromski?from_navbar=true\" target=\"_blank\" rel=\"noopener\">Academia.edu <\/a> \/ \n      <a href=\"https:\/\/www.researchgate.net\/profile\/Daniel-Zuromski\" target=\"_blank\" rel=\"noopener\">Researchgate<\/a>\n    <\/p>\n\n    <h3>Projects and Grants<\/h3>\n    <ol>\n      <li>STABILO \u2013 Innovative Methods for Developing Soft Skills in Coping with Stress,\u201d grant under the Operational Programme Knowledge Education Development 2014\u20132020 (Priority Axis IV, Measure 4.1 \u2013 Social Innovations), implemented in cooperation with Neurodio Sp. z o.o.; grantor: Association Institute for New Technologies in \u0141\u00f3d\u017a; value: PLN 42,945<\/li>\n    <\/ol>\n\n    <h3>Academic Activities<\/h3>\n    <ul>\n      <li>Member of the Polish Cognitive Science Society <\/li>\n      <li>Organizer of the conference \u201cResearch and Education in Interdisciplinary Dimension: The 10th Anniversary of Cognitive Science Studies at Nicolaus Copernicus University\u201d, May 29\u201331, 2019, Nicolaus Copernicus University, Toru\u0144, Poland<\/li>\n      <li>Organizer of the conference \u201cKnowledge Representation in Multi-Agent Systems 2018\u201d, September 7\u20138, 2018, Nicolaus Copernicus University, Toru\u0144, Poland<\/li>\n    <\/ul>\n\n    <h3>Contact<\/h3>\n    <p>Email: d.zuromski[@]umk.pl<br>\n    Office: Room 212, Tel. 56 611-41-75, Institute of Psychology Nicolaus Copernicus University, ul. Gagarina 39, 87-100 Toru\u0144, Poland <br>\n    <\/p>\n\n  <\/div>\n<\/div>\n\n\n\n<p><\/p>\n","protected":false},"excerpt":{"rendered":"<p>Assistant Professor Research Areas My research focuses on philosophy of mind, cognitive science, and contemporary philosophy (especially neopragmatism). I investigate the nature and functioning of the human mind from a sociocultural perspective that emphasizes the constitutive role of cultural and social factors in shaping cognition. I am particularly interested in [&hellip;]<\/p>\n","protected":false},"author":4,"featured_media":343,"parent":500,"menu_order":0,"comment_status":"closed","ping_status":"closed","template":"page-templates\/template-fullwidth.php","meta":{"footnotes":""},"class_list":["post-878","page","type-page","status-publish","has-post-thumbnail","hentry"],"_links":{"self":[{"href":"https:\/\/cognitivescience.umk.pl\/index.php\/wp-json\/wp\/v2\/pages\/878","targetHints":{"allow":["GET"]}}],"collection":[{"href":"https:\/\/cognitivescience.umk.pl\/index.php\/wp-json\/wp\/v2\/pages"}],"about":[{"href":"https:\/\/cognitivescience.umk.pl\/index.php\/wp-json\/wp\/v2\/types\/page"}],"author":[{"embeddable":true,"href":"https:\/\/cognitivescience.umk.pl\/index.php\/wp-json\/wp\/v2\/users\/4"}],"replies":[{"embeddable":true,"href":"https:\/\/cognitivescience.umk.pl\/index.php\/wp-json\/wp\/v2\/comments?post=878"}],"version-history":[{"count":13,"href":"https:\/\/cognitivescience.umk.pl\/index.php\/wp-json\/wp\/v2\/pages\/878\/revisions"}],"predecessor-version":[{"id":1120,"href":"https:\/\/cognitivescience.umk.pl\/index.php\/wp-json\/wp\/v2\/pages\/878\/revisions\/1120"}],"up":[{"embeddable":true,"href":"https:\/\/cognitivescience.umk.pl\/index.php\/wp-json\/wp\/v2\/pages\/500"}],"wp:featuredmedia":[{"embeddable":true,"href":"https:\/\/cognitivescience.umk.pl\/index.php\/wp-json\/wp\/v2\/media\/343"}],"wp:attachment":[{"href":"https:\/\/cognitivescience.umk.pl\/index.php\/wp-json\/wp\/v2\/media?parent=878"}],"curies":[{"name":"wp","href":"https:\/\/api.w.org\/{rel}","templated":true}]}}